{"id":17,"date":"2023-08-31T19:35:26","date_gmt":"2023-08-31T19:35:26","guid":{"rendered":"http:\/\/rep.fox3.com.br\/KN\/?page_id=17"},"modified":"2024-09-02T15:39:23","modified_gmt":"2024-09-02T18:39:23","slug":"sobre","status":"publish","type":"page","link":"https:\/\/knmotors.com.br\/index.php\/sobre\/","title":{"rendered":"Sobre"},"content":{"rendered":"\t\t<div data-elementor-type=\"wp-page\" data-elementor-id=\"17\" class=\"elementor elementor-17\" data-elementor-settings=\"[]\">\n\t\t\t\t\t\t\t<div class=\"elementor-section-wrap\">\n\t\t\t\t\t\t\t<section class=\"elementor-section elementor-top-section elementor-element elementor-element-8f2e6e3 elementor-section-boxed elementor-section-height-default elementor-section-height-default\" data-id=\"8f2e6e3\" data-element_type=\"section\" data-settings=\"{&quot;background_background&quot;:&quot;classic&quot;,&quot;shape_divider_bottom&quot;:&quot;curve&quot;}\">\n\t\t\t\t\t<div class=\"elementor-shape elementor-shape-bottom\" data-negative=\"false\">\n\t\t\t<svg xmlns=\"http:\/\/www.w3.org\/2000\/svg\" viewBox=\"0 0 1000 100\" preserveAspectRatio=\"none\">\n    <path class=\"elementor-shape-fill\" d=\"M1000,4.3V0H0v4.3C0.9,23.1,126.7,99.2,500,100S1000,22.7,1000,4.3z\"\/>\n<\/svg>\t\t<\/div>\n\t\t\t\t\t<div class=\"elementor-container elementor-column-gap-no\">\n\t\t\t\t\t<div class=\"elementor-column elementor-col-100 elementor-top-column elementor-element elementor-element-eaf7b2a\" data-id=\"eaf7b2a\" data-element_type=\"column\">\n\t\t\t<div class=\"elementor-widget-wrap elementor-element-populated\">\n\t\t\t\t\t\t\t\t<div class=\"elementor-element elementor-element-625f7b7 elementor-widget elementor-widget-heading\" data-id=\"625f7b7\" data-element_type=\"widget\" data-widget_type=\"heading.default\">\n\t\t\t\t<div class=\"elementor-widget-container\">\n\t\t\t<h2 class=\"elementor-heading-title elementor-size-default\">Quem somos<\/h2>\t\t<\/div>\n\t\t\t\t<\/div>\n\t\t\t\t<div class=\"elementor-element elementor-element-85983a4 elementor-widget elementor-widget-text-editor\" data-id=\"85983a4\" data-element_type=\"widget\" data-widget_type=\"text-editor.default\">\n\t\t\t\t<div class=\"elementor-widget-container\">\n\t\t\t\t\t<div class=\"elementor-text-editor elementor-clearfix\"><p>A empresa KN Motors surgiu da iniciativa de Clairton Neto, T\u00e9cnico em<br \/>mec\u00e2nica e Administrador de empresas, mais de 20 anos de experi\u00eancia com equipamentos pesados. Buscamos gerar solu\u00e7\u00f5es aos clientes<br \/>que possuem frota de equipamentos Liebherr e outras marcas.<\/p><\/div>\n\t\t\t\t<\/div>\n\t\t\t\t<\/div>\n\t\t\t\t<div class=\"elementor-element elementor-element-3a9b5b0 elementor-widget elementor-widget-text-editor\" data-id=\"3a9b5b0\" data-element_type=\"widget\" data-widget_type=\"text-editor.default\">\n\t\t\t\t<div class=\"elementor-widget-container\">\n\t\t\t\t\t<div class=\"elementor-text-editor elementor-clearfix\"><p>Sempre visando o melhor custo x benef\u00edcio, disponibilidade<br \/>e maior vida \u00fatil para os equipamentos.<\/p><\/div>\n\t\t\t\t<\/div>\n\t\t\t\t<\/div>\n\t\t\t\t<div class=\"elementor-element elementor-element-8ca0285 elementor-widget elementor-widget-text-editor\" data-id=\"8ca0285\" data-element_type=\"widget\" data-widget_type=\"text-editor.default\">\n\t\t\t\t<div class=\"elementor-widget-container\">\n\t\t\t\t\t<div class=\"elementor-text-editor elementor-clearfix\"><p><b>Pe\u00e7as especiais para equipamentos de minera\u00e7\u00e3o, <br>manipuladores industriais e portu\u00e1rios:<\/b><\/p>\n<p>Fornecemos pe\u00e7as e componentes Liebherr, John Deere e Kalmar;<br>Dispomos de uma gama de pe\u00e7as originais no mercado nacional e<br>importa\u00e7\u00e3o com menor prazo de espera e baixo custo.<br><br><b>Servi\u00e7os:<\/b><br><br>Consultoria t\u00e9cnica para diagn\u00f3stico;<br>Atendimento em campo e avalia\u00e7\u00e3o t\u00e9cnica;<br>Avalia\u00e7\u00e3o comercial para compra e venda de equipamentos;<br>Reparo de componentes espec\u00edficos. <br><\/p><\/div>\n\t\t\t\t<\/div>\n\t\t\t\t<\/div>\n\t\t\t\t\t<\/div>\n\t\t<\/div>\n\t\t\t\t\t\t\t<\/div>\n\t\t<\/section>\n\t\t\t\t\t\t<\/div>\n\t\t\t\t\t<\/div>\n\t\t","protected":false},"excerpt":{"rendered":"<p>Quem somos A empresa KN Motors surgiu da iniciativa de Clairton Neto, T\u00e9cnico emmec\u00e2nica e Administrador de empresas, mais de 20 anos de experi\u00eancia com equipamentos pesados. Buscamos gerar solu\u00e7\u00f5es aos clientesque possuem frota de equipamentos Liebherr e outras marcas. Sempre visando o melhor custo x benef\u00edcio, disponibilidadee maior vida \u00fatil para os equipamentos. Pe\u00e7as [&hellip;]<\/p>\n","protected":false},"author":1,"featured_media":0,"parent":0,"menu_order":0,"comment_status":"closed","ping_status":"closed","template":"","meta":{"footnotes":""},"class_list":["post-17","page","type-page","status-publish","hentry"],"_links":{"self":[{"href":"https:\/\/knmotors.com.br\/index.php\/wp-json\/wp\/v2\/pages\/17","targetHints":{"allow":["GET"]}}],"collection":[{"href":"https:\/\/knmotors.com.br\/index.php\/wp-json\/wp\/v2\/pages"}],"about":[{"href":"https:\/\/knmotors.com.br\/index.php\/wp-json\/wp\/v2\/types\/page"}],"author":[{"embeddable":true,"href":"https:\/\/knmotors.com.br\/index.php\/wp-json\/wp\/v2\/users\/1"}],"replies":[{"embeddable":true,"href":"https:\/\/knmotors.com.br\/index.php\/wp-json\/wp\/v2\/comments?post=17"}],"version-history":[{"count":37,"href":"https:\/\/knmotors.com.br\/index.php\/wp-json\/wp\/v2\/pages\/17\/revisions"}],"predecessor-version":[{"id":1126,"href":"https:\/\/knmotors.com.br\/index.php\/wp-json\/wp\/v2\/pages\/17\/revisions\/1126"}],"wp:attachment":[{"href":"https:\/\/knmotors.com.br\/index.php\/wp-json\/wp\/v2\/media?parent=17"}],"curies":[{"name":"wp","href":"https:\/\/api.w.org\/{rel}","templated":true}]}}