{"id":1044,"date":"2024-01-23T13:23:33","date_gmt":"2024-01-23T16:23:33","guid":{"rendered":"https:\/\/knmotors.com.br\/?post_type=product&#038;p=1044"},"modified":"2024-01-23T13:25:03","modified_gmt":"2024-01-23T16:25:03","slug":"bobina-solenoide-codigo-6204416-aplicacao-a924b-c-a944b-c-r944b-c-r954b-c-r964b-c-r974b-c-2","status":"publish","type":"product","link":"https:\/\/knmotors.com.br\/index.php\/produto\/bobina-solenoide-codigo-6204416-aplicacao-a924b-c-a944b-c-r944b-c-r954b-c-r964b-c-r974b-c-2\/","title":{"rendered":"Bobina Solenoide C\u00f3digo 6204416 Aplica\u00e7\u00e3o: A924B\/C, A944B\/C, R944B\/C, R954B\/C, R964B\/C, R974B\/C"},"content":{"rendered":"","protected":false},"excerpt":{"rendered":"","protected":false},"featured_media":461,"template":"","meta":[],"product_cat":[20,26],"product_tag":[],"class_list":["post-1044","product","type-product","status-publish","has-post-thumbnail","hentry","product_cat-sem-categoria","product_cat-produtos"],"_links":{"self":[{"href":"https:\/\/knmotors.com.br\/index.php\/wp-json\/wp\/v2\/product\/1044","targetHints":{"allow":["GET"]}}],"collection":[{"href":"https:\/\/knmotors.com.br\/index.php\/wp-json\/wp\/v2\/product"}],"about":[{"href":"https:\/\/knmotors.com.br\/index.php\/wp-json\/wp\/v2\/types\/product"}],"wp:featuredmedia":[{"embeddable":true,"href":"https:\/\/knmotors.com.br\/index.php\/wp-json\/wp\/v2\/media\/461"}],"wp:attachment":[{"href":"https:\/\/knmotors.com.br\/index.php\/wp-json\/wp\/v2\/media?parent=1044"}],"wp:term":[{"taxonomy":"product_cat","embeddable":true,"href":"https:\/\/knmotors.com.br\/index.php\/wp-json\/wp\/v2\/product_cat?post=1044"},{"taxonomy":"product_tag","embeddable":true,"href":"https:\/\/knmotors.com.br\/index.php\/wp-json\/wp\/v2\/product_tag?post=1044"}],"curies":[{"name":"wp","href":"https:\/\/api.w.org\/{rel}","templated":true}]}}