{"id":1225,"date":"2024-11-16T18:39:36","date_gmt":"2024-11-16T21:39:36","guid":{"rendered":"https:\/\/knmotors.com.br\/?post_type=product&#038;p=1225"},"modified":"2024-11-27T09:36:19","modified_gmt":"2024-11-27T12:36:19","slug":"sensor-de-pressao-de-combustivel-motores-john-deere-codigo-10412070-aplicacao-carregadeiras-liebherr-l538-l556","status":"publish","type":"product","link":"https:\/\/knmotors.com.br\/index.php\/produto\/sensor-de-pressao-de-combustivel-motores-john-deere-codigo-10412070-aplicacao-carregadeiras-liebherr-l538-l556\/","title":{"rendered":"Sensor de press\u00e3o de combust\u00edvel motores John Deere, C\u00f3digo: 10412070 &#8211; Aplica\u00e7\u00e3o: carregadeiras Liebherr L538 -L556"},"content":{"rendered":"","protected":false},"excerpt":{"rendered":"","protected":false},"featured_media":1234,"template":"","meta":[],"product_cat":[26],"product_tag":[],"class_list":["post-1225","product","type-product","status-publish","has-post-thumbnail","hentry","product_cat-produtos"],"_links":{"self":[{"href":"https:\/\/knmotors.com.br\/index.php\/wp-json\/wp\/v2\/product\/1225","targetHints":{"allow":["GET"]}}],"collection":[{"href":"https:\/\/knmotors.com.br\/index.php\/wp-json\/wp\/v2\/product"}],"about":[{"href":"https:\/\/knmotors.com.br\/index.php\/wp-json\/wp\/v2\/types\/product"}],"wp:featuredmedia":[{"embeddable":true,"href":"https:\/\/knmotors.com.br\/index.php\/wp-json\/wp\/v2\/media\/1234"}],"wp:attachment":[{"href":"https:\/\/knmotors.com.br\/index.php\/wp-json\/wp\/v2\/media?parent=1225"}],"wp:term":[{"taxonomy":"product_cat","embeddable":true,"href":"https:\/\/knmotors.com.br\/index.php\/wp-json\/wp\/v2\/product_cat?post=1225"},{"taxonomy":"product_tag","embeddable":true,"href":"https:\/\/knmotors.com.br\/index.php\/wp-json\/wp\/v2\/product_tag?post=1225"}],"curies":[{"name":"wp","href":"https:\/\/api.w.org\/{rel}","templated":true}]}}