{"id":1297,"date":"2025-09-07T17:40:34","date_gmt":"2025-09-07T20:40:34","guid":{"rendered":"https:\/\/knmotors.com.br\/?post_type=product&#038;p=1297"},"modified":"2025-09-07T17:40:46","modified_gmt":"2025-09-07T20:40:46","slug":"anel-de-vedacao-haste-de-valvula-motor-liebherr-d934-d936-codigo-10120334-10119305","status":"publish","type":"product","link":"https:\/\/knmotors.com.br\/index.php\/produto\/anel-de-vedacao-haste-de-valvula-motor-liebherr-d934-d936-codigo-10120334-10119305\/","title":{"rendered":"Anel de veda\u00e7\u00e3o haste de v\u00e1lvula motor Liebherr D934 D936 C\u00f3digo: 10120334 &#8211; 10119305"},"content":{"rendered":"","protected":false},"excerpt":{"rendered":"","protected":false},"featured_media":1299,"template":"","meta":[],"product_cat":[26],"product_tag":[],"class_list":["post-1297","product","type-product","status-publish","has-post-thumbnail","hentry","product_cat-produtos"],"_links":{"self":[{"href":"https:\/\/knmotors.com.br\/index.php\/wp-json\/wp\/v2\/product\/1297","targetHints":{"allow":["GET"]}}],"collection":[{"href":"https:\/\/knmotors.com.br\/index.php\/wp-json\/wp\/v2\/product"}],"about":[{"href":"https:\/\/knmotors.com.br\/index.php\/wp-json\/wp\/v2\/types\/product"}],"wp:featuredmedia":[{"embeddable":true,"href":"https:\/\/knmotors.com.br\/index.php\/wp-json\/wp\/v2\/media\/1299"}],"wp:attachment":[{"href":"https:\/\/knmotors.com.br\/index.php\/wp-json\/wp\/v2\/media?parent=1297"}],"wp:term":[{"taxonomy":"product_cat","embeddable":true,"href":"https:\/\/knmotors.com.br\/index.php\/wp-json\/wp\/v2\/product_cat?post=1297"},{"taxonomy":"product_tag","embeddable":true,"href":"https:\/\/knmotors.com.br\/index.php\/wp-json\/wp\/v2\/product_tag?post=1297"}],"curies":[{"name":"wp","href":"https:\/\/api.w.org\/{rel}","templated":true}]}}