{"id":431,"date":"2023-09-22T16:00:40","date_gmt":"2023-09-22T19:00:40","guid":{"rendered":"http:\/\/rep.fox3.com.br\/KN\/?post_type=product&#038;p=431"},"modified":"2023-11-16T18:21:13","modified_gmt":"2023-11-16T21:21:13","slug":"sensor-de-rotacao-b12-codigo-635867001-9885618-motores-liebherr-d924-d926-d934-d936","status":"publish","type":"product","link":"https:\/\/knmotors.com.br\/index.php\/produto\/sensor-de-rotacao-b12-codigo-635867001-9885618-motores-liebherr-d924-d926-d934-d936\/","title":{"rendered":"Sensor de rota\u00e7\u00e3o B12 c\u00f3digo 635867001- 9885618 Motores Liebherr D924, D926 &#8211; D934, D936"},"content":{"rendered":"","protected":false},"excerpt":{"rendered":"","protected":false},"featured_media":432,"template":"","meta":[],"product_cat":[20,26],"product_tag":[],"class_list":["post-431","product","type-product","status-publish","has-post-thumbnail","hentry","product_cat-sem-categoria","product_cat-produtos"],"_links":{"self":[{"href":"https:\/\/knmotors.com.br\/index.php\/wp-json\/wp\/v2\/product\/431","targetHints":{"allow":["GET"]}}],"collection":[{"href":"https:\/\/knmotors.com.br\/index.php\/wp-json\/wp\/v2\/product"}],"about":[{"href":"https:\/\/knmotors.com.br\/index.php\/wp-json\/wp\/v2\/types\/product"}],"wp:featuredmedia":[{"embeddable":true,"href":"https:\/\/knmotors.com.br\/index.php\/wp-json\/wp\/v2\/media\/432"}],"wp:attachment":[{"href":"https:\/\/knmotors.com.br\/index.php\/wp-json\/wp\/v2\/media?parent=431"}],"wp:term":[{"taxonomy":"product_cat","embeddable":true,"href":"https:\/\/knmotors.com.br\/index.php\/wp-json\/wp\/v2\/product_cat?post=431"},{"taxonomy":"product_tag","embeddable":true,"href":"https:\/\/knmotors.com.br\/index.php\/wp-json\/wp\/v2\/product_tag?post=431"}],"curies":[{"name":"wp","href":"https:\/\/api.w.org\/{rel}","templated":true}]}}