{"id":442,"date":"2023-09-22T16:03:23","date_gmt":"2023-09-22T19:03:23","guid":{"rendered":"http:\/\/rep.fox3.com.br\/KN\/?post_type=product&#038;p=442"},"modified":"2025-07-25T11:08:45","modified_gmt":"2025-07-25T14:08:45","slug":"correia-motor-liebherr-d934-d936-a6-codigo-11005218-aplicacao-r944c-a944c-a924c-r954c-l538-l580","status":"publish","type":"product","link":"https:\/\/knmotors.com.br\/index.php\/produto\/correia-motor-liebherr-d934-d936-a6-codigo-11005218-aplicacao-r944c-a944c-a924c-r954c-l538-l580\/","title":{"rendered":"Correia LIEBHERR C\u00f3digo: 11005218 Aplica\u00e7\u00e3o: R944C, A944C, A924C, R954C, L538, L580"},"content":{"rendered":"","protected":false},"excerpt":{"rendered":"","protected":false},"featured_media":443,"template":"","meta":[],"product_cat":[20,26],"product_tag":[],"class_list":["post-442","product","type-product","status-publish","has-post-thumbnail","hentry","product_cat-sem-categoria","product_cat-produtos"],"_links":{"self":[{"href":"https:\/\/knmotors.com.br\/index.php\/wp-json\/wp\/v2\/product\/442","targetHints":{"allow":["GET"]}}],"collection":[{"href":"https:\/\/knmotors.com.br\/index.php\/wp-json\/wp\/v2\/product"}],"about":[{"href":"https:\/\/knmotors.com.br\/index.php\/wp-json\/wp\/v2\/types\/product"}],"wp:featuredmedia":[{"embeddable":true,"href":"https:\/\/knmotors.com.br\/index.php\/wp-json\/wp\/v2\/media\/443"}],"wp:attachment":[{"href":"https:\/\/knmotors.com.br\/index.php\/wp-json\/wp\/v2\/media?parent=442"}],"wp:term":[{"taxonomy":"product_cat","embeddable":true,"href":"https:\/\/knmotors.com.br\/index.php\/wp-json\/wp\/v2\/product_cat?post=442"},{"taxonomy":"product_tag","embeddable":true,"href":"https:\/\/knmotors.com.br\/index.php\/wp-json\/wp\/v2\/product_tag?post=442"}],"curies":[{"name":"wp","href":"https:\/\/api.w.org\/{rel}","templated":true}]}}