{"id":448,"date":"2023-09-22T16:05:55","date_gmt":"2023-09-22T19:05:55","guid":{"rendered":"http:\/\/rep.fox3.com.br\/KN\/?post_type=product&#038;p=448"},"modified":"2023-11-16T18:21:12","modified_gmt":"2023-11-16T21:21:12","slug":"compressor-de-ar-condicionado-para-motores-liebherr-codigo-5700334","status":"publish","type":"product","link":"https:\/\/knmotors.com.br\/index.php\/produto\/compressor-de-ar-condicionado-para-motores-liebherr-codigo-5700334\/","title":{"rendered":"Compressor de ar-condicionado para Motores Liebherr C\u00f3digo: 5700334"},"content":{"rendered":"<p>Aplica\u00e7\u00e3o: R944B, R964B, R974B<\/p>\n","protected":false},"excerpt":{"rendered":"<p>Aplica\u00e7\u00e3o: R944B, R964B, R974B<\/p>\n","protected":false},"featured_media":449,"template":"","meta":[],"product_cat":[20,26],"product_tag":[],"class_list":["post-448","product","type-product","status-publish","has-post-thumbnail","hentry","product_cat-sem-categoria","product_cat-produtos"],"_links":{"self":[{"href":"https:\/\/knmotors.com.br\/index.php\/wp-json\/wp\/v2\/product\/448","targetHints":{"allow":["GET"]}}],"collection":[{"href":"https:\/\/knmotors.com.br\/index.php\/wp-json\/wp\/v2\/product"}],"about":[{"href":"https:\/\/knmotors.com.br\/index.php\/wp-json\/wp\/v2\/types\/product"}],"wp:featuredmedia":[{"embeddable":true,"href":"https:\/\/knmotors.com.br\/index.php\/wp-json\/wp\/v2\/media\/449"}],"wp:attachment":[{"href":"https:\/\/knmotors.com.br\/index.php\/wp-json\/wp\/v2\/media?parent=448"}],"wp:term":[{"taxonomy":"product_cat","embeddable":true,"href":"https:\/\/knmotors.com.br\/index.php\/wp-json\/wp\/v2\/product_cat?post=448"},{"taxonomy":"product_tag","embeddable":true,"href":"https:\/\/knmotors.com.br\/index.php\/wp-json\/wp\/v2\/product_tag?post=448"}],"curies":[{"name":"wp","href":"https:\/\/api.w.org\/{rel}","templated":true}]}}