{"id":450,"date":"2023-09-22T16:06:46","date_gmt":"2023-09-22T19:06:46","guid":{"rendered":"http:\/\/rep.fox3.com.br\/KN\/?post_type=product&#038;p=450"},"modified":"2024-11-07T18:38:13","modified_gmt":"2024-11-07T21:38:13","slug":"bomba-de-alimentacao-combustivel-codigo-7090970","status":"publish","type":"product","link":"https:\/\/knmotors.com.br\/index.php\/produto\/bomba-de-alimentacao-combustivel-codigo-7090970\/","title":{"rendered":"Bomba de alimenta\u00e7\u00e3o de combust\u00edvel Motor John Deere &#8211; Carregadeiras Liebherr L538 \/ L556 C\u00f3digo 7090970"},"content":{"rendered":"","protected":false},"excerpt":{"rendered":"","protected":false},"featured_media":451,"template":"","meta":[],"product_cat":[20,26],"product_tag":[],"class_list":["post-450","product","type-product","status-publish","has-post-thumbnail","hentry","product_cat-sem-categoria","product_cat-produtos"],"_links":{"self":[{"href":"https:\/\/knmotors.com.br\/index.php\/wp-json\/wp\/v2\/product\/450","targetHints":{"allow":["GET"]}}],"collection":[{"href":"https:\/\/knmotors.com.br\/index.php\/wp-json\/wp\/v2\/product"}],"about":[{"href":"https:\/\/knmotors.com.br\/index.php\/wp-json\/wp\/v2\/types\/product"}],"wp:featuredmedia":[{"embeddable":true,"href":"https:\/\/knmotors.com.br\/index.php\/wp-json\/wp\/v2\/media\/451"}],"wp:attachment":[{"href":"https:\/\/knmotors.com.br\/index.php\/wp-json\/wp\/v2\/media?parent=450"}],"wp:term":[{"taxonomy":"product_cat","embeddable":true,"href":"https:\/\/knmotors.com.br\/index.php\/wp-json\/wp\/v2\/product_cat?post=450"},{"taxonomy":"product_tag","embeddable":true,"href":"https:\/\/knmotors.com.br\/index.php\/wp-json\/wp\/v2\/product_tag?post=450"}],"curies":[{"name":"wp","href":"https:\/\/api.w.org\/{rel}","templated":true}]}}