{"id":453,"date":"2023-09-22T16:07:14","date_gmt":"2023-09-22T19:07:14","guid":{"rendered":"http:\/\/rep.fox3.com.br\/KN\/?post_type=product&#038;p=453"},"modified":"2023-11-16T18:21:12","modified_gmt":"2023-11-16T21:21:12","slug":"bomba-dagua-motores-liebherr-d936-a6-codigo-10132817-aplicacao-l580-r944c-r954c","status":"publish","type":"product","link":"https:\/\/knmotors.com.br\/index.php\/produto\/bomba-dagua-motores-liebherr-d936-a6-codigo-10132817-aplicacao-l580-r944c-r954c\/","title":{"rendered":"Bomba D&#8217;agua Motores Liebherr D936-A6 C\u00f3digo: 10132817 Aplica\u00e7\u00e3o: L580, R944C, R954C"},"content":{"rendered":"","protected":false},"excerpt":{"rendered":"","protected":false},"featured_media":454,"template":"","meta":[],"product_cat":[20,26],"product_tag":[],"class_list":["post-453","product","type-product","status-publish","has-post-thumbnail","hentry","product_cat-sem-categoria","product_cat-produtos"],"_links":{"self":[{"href":"https:\/\/knmotors.com.br\/index.php\/wp-json\/wp\/v2\/product\/453","targetHints":{"allow":["GET"]}}],"collection":[{"href":"https:\/\/knmotors.com.br\/index.php\/wp-json\/wp\/v2\/product"}],"about":[{"href":"https:\/\/knmotors.com.br\/index.php\/wp-json\/wp\/v2\/types\/product"}],"wp:featuredmedia":[{"embeddable":true,"href":"https:\/\/knmotors.com.br\/index.php\/wp-json\/wp\/v2\/media\/454"}],"wp:attachment":[{"href":"https:\/\/knmotors.com.br\/index.php\/wp-json\/wp\/v2\/media?parent=453"}],"wp:term":[{"taxonomy":"product_cat","embeddable":true,"href":"https:\/\/knmotors.com.br\/index.php\/wp-json\/wp\/v2\/product_cat?post=453"},{"taxonomy":"product_tag","embeddable":true,"href":"https:\/\/knmotors.com.br\/index.php\/wp-json\/wp\/v2\/product_tag?post=453"}],"curies":[{"name":"wp","href":"https:\/\/api.w.org\/{rel}","templated":true}]}}