{"id":458,"date":"2023-09-22T16:08:18","date_gmt":"2023-09-22T19:08:18","guid":{"rendered":"http:\/\/rep.fox3.com.br\/KN\/?post_type=product&#038;p=458"},"modified":"2023-11-16T18:20:23","modified_gmt":"2023-11-16T21:20:23","slug":"bomba-dagua-motores-liebherr-d924-d926-codigo-9077637-aplicacao-a924b-r944b-r954b","status":"publish","type":"product","link":"https:\/\/knmotors.com.br\/index.php\/produto\/bomba-dagua-motores-liebherr-d924-d926-codigo-9077637-aplicacao-a924b-r944b-r954b\/","title":{"rendered":"Bomba D&#8217;agua Motores Liebherr D924 D926 C\u00f3digo: 9077637 Aplica\u00e7\u00e3o: A924B, R944B, R954B"},"content":{"rendered":"","protected":false},"excerpt":{"rendered":"","protected":false},"featured_media":459,"template":"","meta":[],"product_cat":[20,26],"product_tag":[],"class_list":["post-458","product","type-product","status-publish","has-post-thumbnail","hentry","product_cat-sem-categoria","product_cat-produtos"],"_links":{"self":[{"href":"https:\/\/knmotors.com.br\/index.php\/wp-json\/wp\/v2\/product\/458","targetHints":{"allow":["GET"]}}],"collection":[{"href":"https:\/\/knmotors.com.br\/index.php\/wp-json\/wp\/v2\/product"}],"about":[{"href":"https:\/\/knmotors.com.br\/index.php\/wp-json\/wp\/v2\/types\/product"}],"wp:featuredmedia":[{"embeddable":true,"href":"https:\/\/knmotors.com.br\/index.php\/wp-json\/wp\/v2\/media\/459"}],"wp:attachment":[{"href":"https:\/\/knmotors.com.br\/index.php\/wp-json\/wp\/v2\/media?parent=458"}],"wp:term":[{"taxonomy":"product_cat","embeddable":true,"href":"https:\/\/knmotors.com.br\/index.php\/wp-json\/wp\/v2\/product_cat?post=458"},{"taxonomy":"product_tag","embeddable":true,"href":"https:\/\/knmotors.com.br\/index.php\/wp-json\/wp\/v2\/product_tag?post=458"}],"curies":[{"name":"wp","href":"https:\/\/api.w.org\/{rel}","templated":true}]}}