{"id":463,"date":"2023-09-22T16:09:16","date_gmt":"2023-09-22T19:09:16","guid":{"rendered":"http:\/\/rep.fox3.com.br\/KN\/?post_type=product&#038;p=463"},"modified":"2023-11-16T18:20:23","modified_gmt":"2023-11-16T21:20:23","slug":"tampa-de-abastecimento-do-tanque-diesel-liebherr-codigo-7414913-aplicacao-a924b-c-a944b-c-r944b-c-r954b-c-r964b-c-r974b-c","status":"publish","type":"product","link":"https:\/\/knmotors.com.br\/index.php\/produto\/tampa-de-abastecimento-do-tanque-diesel-liebherr-codigo-7414913-aplicacao-a924b-c-a944b-c-r944b-c-r954b-c-r964b-c-r974b-c\/","title":{"rendered":"Tampa de abastecimento do tanque diesel Liebherr C\u00f3digo 7414913 Aplica\u00e7\u00e3o A924B\/C, A944B\/C, R944B\/C, R954B\/C, R964B\/C, R974B\/C"},"content":{"rendered":"","protected":false},"excerpt":{"rendered":"","protected":false},"featured_media":464,"template":"","meta":[],"product_cat":[20,26],"product_tag":[],"class_list":["post-463","product","type-product","status-publish","has-post-thumbnail","hentry","product_cat-sem-categoria","product_cat-produtos"],"_links":{"self":[{"href":"https:\/\/knmotors.com.br\/index.php\/wp-json\/wp\/v2\/product\/463","targetHints":{"allow":["GET"]}}],"collection":[{"href":"https:\/\/knmotors.com.br\/index.php\/wp-json\/wp\/v2\/product"}],"about":[{"href":"https:\/\/knmotors.com.br\/index.php\/wp-json\/wp\/v2\/types\/product"}],"wp:featuredmedia":[{"embeddable":true,"href":"https:\/\/knmotors.com.br\/index.php\/wp-json\/wp\/v2\/media\/464"}],"wp:attachment":[{"href":"https:\/\/knmotors.com.br\/index.php\/wp-json\/wp\/v2\/media?parent=463"}],"wp:term":[{"taxonomy":"product_cat","embeddable":true,"href":"https:\/\/knmotors.com.br\/index.php\/wp-json\/wp\/v2\/product_cat?post=463"},{"taxonomy":"product_tag","embeddable":true,"href":"https:\/\/knmotors.com.br\/index.php\/wp-json\/wp\/v2\/product_tag?post=463"}],"curies":[{"name":"wp","href":"https:\/\/api.w.org\/{rel}","templated":true}]}}