{"id":465,"date":"2023-09-22T16:09:46","date_gmt":"2023-09-22T19:09:46","guid":{"rendered":"http:\/\/rep.fox3.com.br\/KN\/?post_type=product&#038;p=465"},"modified":"2024-10-12T19:07:33","modified_gmt":"2024-10-12T22:07:33","slug":"interruptor-de-arranque-codigo-10228151-aplicacao-a924b-c-a944b-c-r944b-c-r954b-c-r964b-c-r974b-c","status":"publish","type":"product","link":"https:\/\/knmotors.com.br\/index.php\/produto\/interruptor-de-arranque-codigo-10228151-aplicacao-a924b-c-a944b-c-r944b-c-r954b-c-r964b-c-r974b-c\/","title":{"rendered":"Interruptor de Arranque C\u00f3digo 10228151  Aplica\u00e7\u00e3o: Escavadeiras e manipuladores Liebherr"},"content":{"rendered":"","protected":false},"excerpt":{"rendered":"","protected":false},"featured_media":1193,"template":"","meta":[],"product_cat":[20,26],"product_tag":[],"class_list":["post-465","product","type-product","status-publish","has-post-thumbnail","hentry","product_cat-sem-categoria","product_cat-produtos"],"_links":{"self":[{"href":"https:\/\/knmotors.com.br\/index.php\/wp-json\/wp\/v2\/product\/465","targetHints":{"allow":["GET"]}}],"collection":[{"href":"https:\/\/knmotors.com.br\/index.php\/wp-json\/wp\/v2\/product"}],"about":[{"href":"https:\/\/knmotors.com.br\/index.php\/wp-json\/wp\/v2\/types\/product"}],"wp:featuredmedia":[{"embeddable":true,"href":"https:\/\/knmotors.com.br\/index.php\/wp-json\/wp\/v2\/media\/1193"}],"wp:attachment":[{"href":"https:\/\/knmotors.com.br\/index.php\/wp-json\/wp\/v2\/media?parent=465"}],"wp:term":[{"taxonomy":"product_cat","embeddable":true,"href":"https:\/\/knmotors.com.br\/index.php\/wp-json\/wp\/v2\/product_cat?post=465"},{"taxonomy":"product_tag","embeddable":true,"href":"https:\/\/knmotors.com.br\/index.php\/wp-json\/wp\/v2\/product_tag?post=465"}],"curies":[{"name":"wp","href":"https:\/\/api.w.org\/{rel}","templated":true}]}}