{"id":471,"date":"2023-09-22T16:11:29","date_gmt":"2023-09-22T19:11:29","guid":{"rendered":"http:\/\/rep.fox3.com.br\/KN\/?post_type=product&#038;p=471"},"modified":"2025-07-25T11:08:03","modified_gmt":"2025-07-25T14:08:03","slug":"correia-para-motores-liebherr-d9508-a7-codigo-4981124-aplicacao-r964c-r974c-r966","status":"publish","type":"product","link":"https:\/\/knmotors.com.br\/index.php\/produto\/correia-para-motores-liebherr-d9508-a7-codigo-4981124-aplicacao-r964c-r974c-r966\/","title":{"rendered":"Correia  LIEBHERR D9508-A7 C\u00f3digo 4981124 Aplica\u00e7\u00e3o: R964C, R974C, R966"},"content":{"rendered":"","protected":false},"excerpt":{"rendered":"","protected":false},"featured_media":443,"template":"","meta":[],"product_cat":[20,26],"product_tag":[],"class_list":["post-471","product","type-product","status-publish","has-post-thumbnail","hentry","product_cat-sem-categoria","product_cat-produtos"],"_links":{"self":[{"href":"https:\/\/knmotors.com.br\/index.php\/wp-json\/wp\/v2\/product\/471","targetHints":{"allow":["GET"]}}],"collection":[{"href":"https:\/\/knmotors.com.br\/index.php\/wp-json\/wp\/v2\/product"}],"about":[{"href":"https:\/\/knmotors.com.br\/index.php\/wp-json\/wp\/v2\/types\/product"}],"wp:featuredmedia":[{"embeddable":true,"href":"https:\/\/knmotors.com.br\/index.php\/wp-json\/wp\/v2\/media\/443"}],"wp:attachment":[{"href":"https:\/\/knmotors.com.br\/index.php\/wp-json\/wp\/v2\/media?parent=471"}],"wp:term":[{"taxonomy":"product_cat","embeddable":true,"href":"https:\/\/knmotors.com.br\/index.php\/wp-json\/wp\/v2\/product_cat?post=471"},{"taxonomy":"product_tag","embeddable":true,"href":"https:\/\/knmotors.com.br\/index.php\/wp-json\/wp\/v2\/product_tag?post=471"}],"curies":[{"name":"wp","href":"https:\/\/api.w.org\/{rel}","templated":true}]}}