{"id":623,"date":"2023-10-24T17:20:21","date_gmt":"2023-10-24T20:20:21","guid":{"rendered":"http:\/\/rep.fox3.com.br\/KN\/?post_type=product&#038;p=623"},"modified":"2023-11-16T18:20:23","modified_gmt":"2023-11-16T21:20:23","slug":"turbo-borgwarrner-original-para-motores-liebherr-d926-ti-codigo-5700107-aplicacao-r944b","status":"publish","type":"product","link":"https:\/\/knmotors.com.br\/index.php\/produto\/turbo-borgwarrner-original-para-motores-liebherr-d926-ti-codigo-5700107-aplicacao-r944b\/","title":{"rendered":"Turbo BorgWarrner original para motores Liebherr D926-TI C\u00f3digo 5700107  Aplica\u00e7\u00e3o: R944B"},"content":{"rendered":"","protected":false},"excerpt":{"rendered":"","protected":false},"featured_media":624,"template":"","meta":[],"product_cat":[20,26],"product_tag":[],"class_list":["post-623","product","type-product","status-publish","has-post-thumbnail","hentry","product_cat-sem-categoria","product_cat-produtos"],"_links":{"self":[{"href":"https:\/\/knmotors.com.br\/index.php\/wp-json\/wp\/v2\/product\/623","targetHints":{"allow":["GET"]}}],"collection":[{"href":"https:\/\/knmotors.com.br\/index.php\/wp-json\/wp\/v2\/product"}],"about":[{"href":"https:\/\/knmotors.com.br\/index.php\/wp-json\/wp\/v2\/types\/product"}],"wp:featuredmedia":[{"embeddable":true,"href":"https:\/\/knmotors.com.br\/index.php\/wp-json\/wp\/v2\/media\/624"}],"wp:attachment":[{"href":"https:\/\/knmotors.com.br\/index.php\/wp-json\/wp\/v2\/media?parent=623"}],"wp:term":[{"taxonomy":"product_cat","embeddable":true,"href":"https:\/\/knmotors.com.br\/index.php\/wp-json\/wp\/v2\/product_cat?post=623"},{"taxonomy":"product_tag","embeddable":true,"href":"https:\/\/knmotors.com.br\/index.php\/wp-json\/wp\/v2\/product_tag?post=623"}],"curies":[{"name":"wp","href":"https:\/\/api.w.org\/{rel}","templated":true}]}}