{"id":628,"date":"2023-10-24T17:21:30","date_gmt":"2023-10-24T20:21:30","guid":{"rendered":"http:\/\/rep.fox3.com.br\/KN\/?post_type=product&#038;p=628"},"modified":"2024-01-22T14:14:54","modified_gmt":"2024-01-22T17:14:54","slug":"turbo-k29-codigo-10123120-aplicacao-r954c","status":"publish","type":"product","link":"https:\/\/knmotors.com.br\/index.php\/produto\/turbo-k29-codigo-10123120-aplicacao-r954c\/","title":{"rendered":"Turbo K29 C\u00f3digo 10123120  Aplica\u00e7\u00e3o: R954C"},"content":{"rendered":"","protected":false},"excerpt":{"rendered":"","protected":false},"featured_media":633,"template":"","meta":[],"product_cat":[20,26,29],"product_tag":[],"class_list":["post-628","product","type-product","status-publish","has-post-thumbnail","hentry","product_cat-sem-categoria","product_cat-produtos","product_cat-turbo"],"_links":{"self":[{"href":"https:\/\/knmotors.com.br\/index.php\/wp-json\/wp\/v2\/product\/628","targetHints":{"allow":["GET"]}}],"collection":[{"href":"https:\/\/knmotors.com.br\/index.php\/wp-json\/wp\/v2\/product"}],"about":[{"href":"https:\/\/knmotors.com.br\/index.php\/wp-json\/wp\/v2\/types\/product"}],"wp:featuredmedia":[{"embeddable":true,"href":"https:\/\/knmotors.com.br\/index.php\/wp-json\/wp\/v2\/media\/633"}],"wp:attachment":[{"href":"https:\/\/knmotors.com.br\/index.php\/wp-json\/wp\/v2\/media?parent=628"}],"wp:term":[{"taxonomy":"product_cat","embeddable":true,"href":"https:\/\/knmotors.com.br\/index.php\/wp-json\/wp\/v2\/product_cat?post=628"},{"taxonomy":"product_tag","embeddable":true,"href":"https:\/\/knmotors.com.br\/index.php\/wp-json\/wp\/v2\/product_tag?post=628"}],"curies":[{"name":"wp","href":"https:\/\/api.w.org\/{rel}","templated":true}]}}