{"id":635,"date":"2023-10-24T17:25:31","date_gmt":"2023-10-24T20:25:31","guid":{"rendered":"http:\/\/rep.fox3.com.br\/KN\/?post_type=product&#038;p=635"},"modified":"2023-11-16T18:20:22","modified_gmt":"2023-11-16T21:20:22","slug":"compressor-de-ar-condicionado-original-para-motores-liebherr-d934-d936-a6-codigo-10116769-aplicacao-carregadeiras-l538-l580-escavadeiras-r944c-r954c-manipuladores-a924c-a944c","status":"publish","type":"product","link":"https:\/\/knmotors.com.br\/index.php\/produto\/compressor-de-ar-condicionado-original-para-motores-liebherr-d934-d936-a6-codigo-10116769-aplicacao-carregadeiras-l538-l580-escavadeiras-r944c-r954c-manipuladores-a924c-a944c\/","title":{"rendered":"Compressor de ar-condicionado Original para motores Liebherr D934\/ D936 A6 C\u00f3digo 10116769  Aplica\u00e7\u00e3o: Carregadeiras L538, L580 Escavadeiras R944C, R954C Manipuladores A924C, A944C"},"content":{"rendered":"","protected":false},"excerpt":{"rendered":"","protected":false},"featured_media":629,"template":"","meta":[],"product_cat":[20,26],"product_tag":[],"class_list":["post-635","product","type-product","status-publish","has-post-thumbnail","hentry","product_cat-sem-categoria","product_cat-produtos"],"_links":{"self":[{"href":"https:\/\/knmotors.com.br\/index.php\/wp-json\/wp\/v2\/product\/635","targetHints":{"allow":["GET"]}}],"collection":[{"href":"https:\/\/knmotors.com.br\/index.php\/wp-json\/wp\/v2\/product"}],"about":[{"href":"https:\/\/knmotors.com.br\/index.php\/wp-json\/wp\/v2\/types\/product"}],"wp:featuredmedia":[{"embeddable":true,"href":"https:\/\/knmotors.com.br\/index.php\/wp-json\/wp\/v2\/media\/629"}],"wp:attachment":[{"href":"https:\/\/knmotors.com.br\/index.php\/wp-json\/wp\/v2\/media?parent=635"}],"wp:term":[{"taxonomy":"product_cat","embeddable":true,"href":"https:\/\/knmotors.com.br\/index.php\/wp-json\/wp\/v2\/product_cat?post=635"},{"taxonomy":"product_tag","embeddable":true,"href":"https:\/\/knmotors.com.br\/index.php\/wp-json\/wp\/v2\/product_tag?post=635"}],"curies":[{"name":"wp","href":"https:\/\/api.w.org\/{rel}","templated":true}]}}