{"id":640,"date":"2023-10-24T17:27:46","date_gmt":"2023-10-24T20:27:46","guid":{"rendered":"http:\/\/rep.fox3.com.br\/KN\/?post_type=product&#038;p=640"},"modified":"2024-10-09T21:20:56","modified_gmt":"2024-10-10T00:20:56","slug":"sensor-de-pressao-oleo-do-motor-codigo-9076531-motores-liebherr-d934-d936-a6-aplicacao-escavadeiras-e-carregadeiras-liebherr","status":"publish","type":"product","link":"https:\/\/knmotors.com.br\/index.php\/produto\/sensor-de-pressao-oleo-do-motor-codigo-9076531-motores-liebherr-d934-d936-a6-aplicacao-escavadeiras-e-carregadeiras-liebherr\/","title":{"rendered":"Sensor de press\u00e3o \u00f3leo do motor c\u00f3digo 9076531 Motores Liebherr D934 D936-A6  Aplica\u00e7\u00e3o: Escavadeiras e carregadeiras Liebherr"},"content":{"rendered":"","protected":false},"excerpt":{"rendered":"","protected":false},"featured_media":1178,"template":"","meta":[],"product_cat":[20,26],"product_tag":[],"class_list":["post-640","product","type-product","status-publish","has-post-thumbnail","hentry","product_cat-sem-categoria","product_cat-produtos"],"_links":{"self":[{"href":"https:\/\/knmotors.com.br\/index.php\/wp-json\/wp\/v2\/product\/640","targetHints":{"allow":["GET"]}}],"collection":[{"href":"https:\/\/knmotors.com.br\/index.php\/wp-json\/wp\/v2\/product"}],"about":[{"href":"https:\/\/knmotors.com.br\/index.php\/wp-json\/wp\/v2\/types\/product"}],"wp:featuredmedia":[{"embeddable":true,"href":"https:\/\/knmotors.com.br\/index.php\/wp-json\/wp\/v2\/media\/1178"}],"wp:attachment":[{"href":"https:\/\/knmotors.com.br\/index.php\/wp-json\/wp\/v2\/media?parent=640"}],"wp:term":[{"taxonomy":"product_cat","embeddable":true,"href":"https:\/\/knmotors.com.br\/index.php\/wp-json\/wp\/v2\/product_cat?post=640"},{"taxonomy":"product_tag","embeddable":true,"href":"https:\/\/knmotors.com.br\/index.php\/wp-json\/wp\/v2\/product_tag?post=640"}],"curies":[{"name":"wp","href":"https:\/\/api.w.org\/{rel}","templated":true}]}}