{"id":936,"date":"2024-01-22T13:50:43","date_gmt":"2024-01-22T16:50:43","guid":{"rendered":"https:\/\/knmotors.com.br\/?post_type=product&#038;p=936"},"modified":"2024-09-05T00:44:03","modified_gmt":"2024-09-05T03:44:03","slug":"junta-de-cabecote-motor-liebherr-d934-d936-cod-10120844-aplicacoes-escavadeiras-carregadeiras-e-guindastes-liebherr","status":"publish","type":"product","link":"https:\/\/knmotors.com.br\/index.php\/produto\/junta-de-cabecote-motor-liebherr-d934-d936-cod-10120844-aplicacoes-escavadeiras-carregadeiras-e-guindastes-liebherr\/","title":{"rendered":"Junta de cabe\u00e7ote motor Liebherr D934 D936 C\u00f3d.  10120844  Aplica\u00e7\u00f5es: Escavadeiras, carregadeiras e guindastes Liebherr"},"content":{"rendered":"","protected":false},"excerpt":{"rendered":"","protected":false},"featured_media":1133,"template":"","meta":[],"product_cat":[20,26],"product_tag":[],"class_list":["post-936","product","type-product","status-publish","has-post-thumbnail","hentry","product_cat-sem-categoria","product_cat-produtos"],"_links":{"self":[{"href":"https:\/\/knmotors.com.br\/index.php\/wp-json\/wp\/v2\/product\/936","targetHints":{"allow":["GET"]}}],"collection":[{"href":"https:\/\/knmotors.com.br\/index.php\/wp-json\/wp\/v2\/product"}],"about":[{"href":"https:\/\/knmotors.com.br\/index.php\/wp-json\/wp\/v2\/types\/product"}],"wp:featuredmedia":[{"embeddable":true,"href":"https:\/\/knmotors.com.br\/index.php\/wp-json\/wp\/v2\/media\/1133"}],"wp:attachment":[{"href":"https:\/\/knmotors.com.br\/index.php\/wp-json\/wp\/v2\/media?parent=936"}],"wp:term":[{"taxonomy":"product_cat","embeddable":true,"href":"https:\/\/knmotors.com.br\/index.php\/wp-json\/wp\/v2\/product_cat?post=936"},{"taxonomy":"product_tag","embeddable":true,"href":"https:\/\/knmotors.com.br\/index.php\/wp-json\/wp\/v2\/product_tag?post=936"}],"curies":[{"name":"wp","href":"https:\/\/api.w.org\/{rel}","templated":true}]}}