{"id":938,"date":"2024-01-22T13:52:20","date_gmt":"2024-01-22T16:52:20","guid":{"rendered":"https:\/\/knmotors.com.br\/?post_type=product&#038;p=938"},"modified":"2024-09-12T17:12:33","modified_gmt":"2024-09-12T20:12:33","slug":"jogo-de-bronzinas-025-mancal-completo-motor-liebherr-d936-cod-10140597-aplicacao-escavadeiras-carregadeiras-e-guindastes-liebherr","status":"publish","type":"product","link":"https:\/\/knmotors.com.br\/index.php\/produto\/jogo-de-bronzinas-025-mancal-completo-motor-liebherr-d936-cod-10140597-aplicacao-escavadeiras-carregadeiras-e-guindastes-liebherr\/","title":{"rendered":"Jogo de bronzinas 0,25 mancal completo Motor Liebherr D936 C\u00f3d. 10140597  Aplica\u00e7\u00e3o: Escavadeiras, Carregadeiras e Guindastes Liebherr"},"content":{"rendered":"","protected":false},"excerpt":{"rendered":"","protected":false},"featured_media":1142,"template":"","meta":[],"product_cat":[20,26],"product_tag":[],"class_list":["post-938","product","type-product","status-publish","has-post-thumbnail","hentry","product_cat-sem-categoria","product_cat-produtos"],"_links":{"self":[{"href":"https:\/\/knmotors.com.br\/index.php\/wp-json\/wp\/v2\/product\/938","targetHints":{"allow":["GET"]}}],"collection":[{"href":"https:\/\/knmotors.com.br\/index.php\/wp-json\/wp\/v2\/product"}],"about":[{"href":"https:\/\/knmotors.com.br\/index.php\/wp-json\/wp\/v2\/types\/product"}],"wp:featuredmedia":[{"embeddable":true,"href":"https:\/\/knmotors.com.br\/index.php\/wp-json\/wp\/v2\/media\/1142"}],"wp:attachment":[{"href":"https:\/\/knmotors.com.br\/index.php\/wp-json\/wp\/v2\/media?parent=938"}],"wp:term":[{"taxonomy":"product_cat","embeddable":true,"href":"https:\/\/knmotors.com.br\/index.php\/wp-json\/wp\/v2\/product_cat?post=938"},{"taxonomy":"product_tag","embeddable":true,"href":"https:\/\/knmotors.com.br\/index.php\/wp-json\/wp\/v2\/product_tag?post=938"}],"curies":[{"name":"wp","href":"https:\/\/api.w.org\/{rel}","templated":true}]}}