{"id":945,"date":"2024-01-22T13:57:14","date_gmt":"2024-01-22T16:57:14","guid":{"rendered":"https:\/\/knmotors.com.br\/?post_type=product&#038;p=945"},"modified":"2024-09-05T00:42:29","modified_gmt":"2024-09-05T03:42:29","slug":"sensor-de-rotacao-motores-liebherr-cod-12544505-9076534-aplicacao-motores-d934-d936-a6-e-a7","status":"publish","type":"product","link":"https:\/\/knmotors.com.br\/index.php\/produto\/sensor-de-rotacao-motores-liebherr-cod-12544505-9076534-aplicacao-motores-d934-d936-a6-e-a7\/","title":{"rendered":"Sensor de rota\u00e7\u00e3o motores Liebherr C\u00f3d. 12544505 \u2013 9076534  Aplica\u00e7\u00e3o: motores D934\/D936 A6 e A7"},"content":{"rendered":"","protected":false},"excerpt":{"rendered":"","protected":false},"featured_media":1130,"template":"","meta":[],"product_cat":[20,26],"product_tag":[],"class_list":["post-945","product","type-product","status-publish","has-post-thumbnail","hentry","product_cat-sem-categoria","product_cat-produtos"],"_links":{"self":[{"href":"https:\/\/knmotors.com.br\/index.php\/wp-json\/wp\/v2\/product\/945","targetHints":{"allow":["GET"]}}],"collection":[{"href":"https:\/\/knmotors.com.br\/index.php\/wp-json\/wp\/v2\/product"}],"about":[{"href":"https:\/\/knmotors.com.br\/index.php\/wp-json\/wp\/v2\/types\/product"}],"wp:featuredmedia":[{"embeddable":true,"href":"https:\/\/knmotors.com.br\/index.php\/wp-json\/wp\/v2\/media\/1130"}],"wp:attachment":[{"href":"https:\/\/knmotors.com.br\/index.php\/wp-json\/wp\/v2\/media?parent=945"}],"wp:term":[{"taxonomy":"product_cat","embeddable":true,"href":"https:\/\/knmotors.com.br\/index.php\/wp-json\/wp\/v2\/product_cat?post=945"},{"taxonomy":"product_tag","embeddable":true,"href":"https:\/\/knmotors.com.br\/index.php\/wp-json\/wp\/v2\/product_tag?post=945"}],"curies":[{"name":"wp","href":"https:\/\/api.w.org\/{rel}","templated":true}]}}